{"id":6647,"date":"2024-09-06T21:03:46","date_gmt":"2024-09-06T21:03:46","guid":{"rendered":"https:\/\/www.canasportsgroup.com\/?post_type=product&#038;p=6647"},"modified":"2024-09-06T21:46:50","modified_gmt":"2024-09-06T21:46:50","slug":"inscripcion-torneo-baseball-enero-reserva","status":"publish","type":"product","link":"https:\/\/www.canasportsgroup.com\/en\/product\/inscripcion-torneo-baseball-enero-reserva\/","title":{"rendered":"Baseball Tournament Registration January 2025 (Reserve)"},"content":{"rendered":"<p>The International Baseball Tournament organized by Cana Sports Group will begin on Friday, January 17th and will conclude with a farewell on Tuesday, January 21st, 2025. It will take place in the capital of the Dominican Republic, the city of Santo Domingo. Offering a great show and spectacle that will provide an opportunity for projection and competition to the several teams who will participate in the tournament in different categories.<\/p>","protected":false},"excerpt":{"rendered":"<p>El Torneo Internacional de Baseball organizado por Cana Sports Group comenzar\u00e1 el viernes 17 de enero de 2025 y concluir\u00e1 con una despedida el martes 21 de enero de 2025. Tendr\u00e1 lugar en la capital de la Rep\u00fablica Dominicana, Santo Domingo. Ofreciendo un gran espect\u00e1culo para brindar un espacio de proyecci\u00f3n y competencia a varios [&hellip;]<\/p>\n","protected":false},"featured_media":6655,"template":"","meta":{"_et_pb_use_builder":"","_et_pb_old_content":"","_et_gb_content_width":""},"product_brand":[],"product_cat":[30],"product_tag":[],"class_list":{"0":"post-6647","1":"product","2":"type-product","3":"status-publish","4":"has-post-thumbnail","6":"product_cat-torneos","8":"first","9":"instock","10":"shipping-taxable","11":"purchasable","12":"product-type-simple"},"yoast_head":"<!-- This site is optimized with the Yoast SEO plugin v27.5 - https:\/\/yoast.com\/product\/yoast-seo-wordpress\/ -->\n<title>Inscripci\u00f3n Torneo Baseball Enero 2025 (Reserva) - Cana Sports Group<\/title>\n<meta name=\"robots\" content=\"index, follow, max-snippet:-1, max-image-preview:large, max-video-preview:-1\" \/>\n<link rel=\"canonical\" href=\"https:\/\/www.canasportsgroup.com\/en\/product\/inscripcion-torneo-baseball-enero-reserva\/\" \/>\n<meta property=\"og:locale\" content=\"en_US\" \/>\n<meta property=\"og:type\" content=\"article\" \/>\n<meta property=\"og:title\" content=\"Inscripci\u00f3n Torneo Baseball Enero 2025 (Reserva) - Cana Sports Group\" \/>\n<meta property=\"og:description\" content=\"El Torneo Internacional de Baseball organizado por Cana Sports Group comenzar\u00e1 el viernes 17 de enero de 2025 y concluir\u00e1 con una despedida el martes 21 de enero de 2025. Tendr\u00e1 lugar en la capital de la Rep\u00fablica Dominicana, Santo Domingo. Ofreciendo un gran espect\u00e1culo para brindar un espacio de proyecci\u00f3n y competencia a varios [&hellip;]\" \/>\n<meta property=\"og:url\" content=\"https:\/\/www.canasportsgroup.com\/en\/product\/inscripcion-torneo-baseball-enero-reserva\/\" \/>\n<meta property=\"og:site_name\" content=\"Cana Sports Group\" \/>\n<meta property=\"article:publisher\" content=\"https:\/\/www.facebook.com\/people\/Cana-Sports-Group\/100089231637827\/\" \/>\n<meta property=\"article:modified_time\" content=\"2024-09-06T21:46:50+00:00\" \/>\n<meta property=\"og:image\" content=\"https:\/\/www.canasportsgroup.com\/wp-content\/uploads\/2024\/09\/pago-reserva.png\" \/>\n\t<meta property=\"og:image:width\" content=\"619\" \/>\n\t<meta property=\"og:image:height\" content=\"677\" \/>\n\t<meta property=\"og:image:type\" content=\"image\/png\" \/>\n<meta name=\"twitter:card\" content=\"summary_large_image\" \/>\n<meta name=\"twitter:label1\" content=\"Est. reading time\" \/>\n\t<meta name=\"twitter:data1\" content=\"1 minute\" \/>\n<script type=\"application\/ld+json\" class=\"yoast-schema-graph\">{\"@context\":\"https:\\\/\\\/schema.org\",\"@graph\":[{\"@type\":\"WebPage\",\"@id\":\"https:\\\/\\\/www.canasportsgroup.com\\\/producto\\\/inscripcion-torneo-baseball-enero-reserva\\\/\",\"url\":\"https:\\\/\\\/www.canasportsgroup.com\\\/producto\\\/inscripcion-torneo-baseball-enero-reserva\\\/\",\"name\":\"Inscripci\u00f3n Torneo Baseball Enero 2025 (Reserva) - Cana Sports Group\",\"isPartOf\":{\"@id\":\"https:\\\/\\\/www.canasportsgroup.com\\\/#website\"},\"primaryImageOfPage\":{\"@id\":\"https:\\\/\\\/www.canasportsgroup.com\\\/producto\\\/inscripcion-torneo-baseball-enero-reserva\\\/#primaryimage\"},\"image\":{\"@id\":\"https:\\\/\\\/www.canasportsgroup.com\\\/producto\\\/inscripcion-torneo-baseball-enero-reserva\\\/#primaryimage\"},\"thumbnailUrl\":\"https:\\\/\\\/www.canasportsgroup.com\\\/wp-content\\\/uploads\\\/2024\\\/09\\\/pago-reserva.png\",\"datePublished\":\"2024-09-06T21:03:46+00:00\",\"dateModified\":\"2024-09-06T21:46:50+00:00\",\"breadcrumb\":{\"@id\":\"https:\\\/\\\/www.canasportsgroup.com\\\/producto\\\/inscripcion-torneo-baseball-enero-reserva\\\/#breadcrumb\"},\"inLanguage\":\"en-US\",\"potentialAction\":[{\"@type\":\"ReadAction\",\"target\":[\"https:\\\/\\\/www.canasportsgroup.com\\\/producto\\\/inscripcion-torneo-baseball-enero-reserva\\\/\"]}]},{\"@type\":\"ImageObject\",\"inLanguage\":\"en-US\",\"@id\":\"https:\\\/\\\/www.canasportsgroup.com\\\/producto\\\/inscripcion-torneo-baseball-enero-reserva\\\/#primaryimage\",\"url\":\"https:\\\/\\\/www.canasportsgroup.com\\\/wp-content\\\/uploads\\\/2024\\\/09\\\/pago-reserva.png\",\"contentUrl\":\"https:\\\/\\\/www.canasportsgroup.com\\\/wp-content\\\/uploads\\\/2024\\\/09\\\/pago-reserva.png\",\"width\":619,\"height\":677},{\"@type\":\"BreadcrumbList\",\"@id\":\"https:\\\/\\\/www.canasportsgroup.com\\\/producto\\\/inscripcion-torneo-baseball-enero-reserva\\\/#breadcrumb\",\"itemListElement\":[{\"@type\":\"ListItem\",\"position\":1,\"name\":\"Portada\",\"item\":\"https:\\\/\\\/www.canasportsgroup.com\\\/\"},{\"@type\":\"ListItem\",\"position\":2,\"name\":\"Tienda\",\"item\":\"https:\\\/\\\/www.canasportsgroup.com\\\/tienda\\\/\"},{\"@type\":\"ListItem\",\"position\":3,\"name\":\"Inscripci\u00f3n Torneo Baseball Enero 2025 (Reserva)\"}]},{\"@type\":\"WebSite\",\"@id\":\"https:\\\/\\\/www.canasportsgroup.com\\\/#website\",\"url\":\"https:\\\/\\\/www.canasportsgroup.com\\\/\",\"name\":\"Cana Sports Group\",\"description\":\"Agentes\",\"publisher\":{\"@id\":\"https:\\\/\\\/www.canasportsgroup.com\\\/#organization\"},\"alternateName\":\"Cana Sports\",\"potentialAction\":[{\"@type\":\"SearchAction\",\"target\":{\"@type\":\"EntryPoint\",\"urlTemplate\":\"https:\\\/\\\/www.canasportsgroup.com\\\/?s={search_term_string}\"},\"query-input\":{\"@type\":\"PropertyValueSpecification\",\"valueRequired\":true,\"valueName\":\"search_term_string\"}}],\"inLanguage\":\"en-US\"},{\"@type\":\"Organization\",\"@id\":\"https:\\\/\\\/www.canasportsgroup.com\\\/#organization\",\"name\":\"Cana Sports Group\",\"alternateName\":\"Cana Sports\",\"url\":\"https:\\\/\\\/www.canasportsgroup.com\\\/\",\"logo\":{\"@type\":\"ImageObject\",\"inLanguage\":\"en-US\",\"@id\":\"https:\\\/\\\/www.canasportsgroup.com\\\/#\\\/schema\\\/logo\\\/image\\\/\",\"url\":\"https:\\\/\\\/www.canasportsgroup.com\\\/wp-content\\\/uploads\\\/2022\\\/11\\\/CANA-SPORTS-GROUP-CORP.png\",\"contentUrl\":\"https:\\\/\\\/www.canasportsgroup.com\\\/wp-content\\\/uploads\\\/2022\\\/11\\\/CANA-SPORTS-GROUP-CORP.png\",\"width\":530,\"height\":530,\"caption\":\"Cana Sports Group\"},\"image\":{\"@id\":\"https:\\\/\\\/www.canasportsgroup.com\\\/#\\\/schema\\\/logo\\\/image\\\/\"},\"sameAs\":[\"https:\\\/\\\/www.facebook.com\\\/people\\\/Cana-Sports-Group\\\/100089231637827\\\/\",\"https:\\\/\\\/www.instagram.com\\\/cana_sports\"]}]}<\/script>\n<!-- \/ Yoast SEO plugin. -->","yoast_head_json":{"title":"Inscripci\u00f3n Torneo Baseball Enero 2025 (Reserva) - Cana Sports Group","robots":{"index":"index","follow":"follow","max-snippet":"max-snippet:-1","max-image-preview":"max-image-preview:large","max-video-preview":"max-video-preview:-1"},"canonical":"https:\/\/www.canasportsgroup.com\/en\/product\/inscripcion-torneo-baseball-enero-reserva\/","og_locale":"en_US","og_type":"article","og_title":"Inscripci\u00f3n Torneo Baseball Enero 2025 (Reserva) - Cana Sports Group","og_description":"El Torneo Internacional de Baseball organizado por Cana Sports Group comenzar\u00e1 el viernes 17 de enero de 2025 y concluir\u00e1 con una despedida el martes 21 de enero de 2025. Tendr\u00e1 lugar en la capital de la Rep\u00fablica Dominicana, Santo Domingo. Ofreciendo un gran espect\u00e1culo para brindar un espacio de proyecci\u00f3n y competencia a varios [&hellip;]","og_url":"https:\/\/www.canasportsgroup.com\/en\/product\/inscripcion-torneo-baseball-enero-reserva\/","og_site_name":"Cana Sports Group","article_publisher":"https:\/\/www.facebook.com\/people\/Cana-Sports-Group\/100089231637827\/","article_modified_time":"2024-09-06T21:46:50+00:00","og_image":[{"width":619,"height":677,"url":"https:\/\/www.canasportsgroup.com\/wp-content\/uploads\/2024\/09\/pago-reserva.png","type":"image\/png"}],"twitter_card":"summary_large_image","twitter_misc":{"Est. reading time":"1 minute"},"schema":{"@context":"https:\/\/schema.org","@graph":[{"@type":"WebPage","@id":"https:\/\/www.canasportsgroup.com\/producto\/inscripcion-torneo-baseball-enero-reserva\/","url":"https:\/\/www.canasportsgroup.com\/producto\/inscripcion-torneo-baseball-enero-reserva\/","name":"Inscripci\u00f3n Torneo Baseball Enero 2025 (Reserva) - Cana Sports Group","isPartOf":{"@id":"https:\/\/www.canasportsgroup.com\/#website"},"primaryImageOfPage":{"@id":"https:\/\/www.canasportsgroup.com\/producto\/inscripcion-torneo-baseball-enero-reserva\/#primaryimage"},"image":{"@id":"https:\/\/www.canasportsgroup.com\/producto\/inscripcion-torneo-baseball-enero-reserva\/#primaryimage"},"thumbnailUrl":"https:\/\/www.canasportsgroup.com\/wp-content\/uploads\/2024\/09\/pago-reserva.png","datePublished":"2024-09-06T21:03:46+00:00","dateModified":"2024-09-06T21:46:50+00:00","breadcrumb":{"@id":"https:\/\/www.canasportsgroup.com\/producto\/inscripcion-torneo-baseball-enero-reserva\/#breadcrumb"},"inLanguage":"en-US","potentialAction":[{"@type":"ReadAction","target":["https:\/\/www.canasportsgroup.com\/producto\/inscripcion-torneo-baseball-enero-reserva\/"]}]},{"@type":"ImageObject","inLanguage":"en-US","@id":"https:\/\/www.canasportsgroup.com\/producto\/inscripcion-torneo-baseball-enero-reserva\/#primaryimage","url":"https:\/\/www.canasportsgroup.com\/wp-content\/uploads\/2024\/09\/pago-reserva.png","contentUrl":"https:\/\/www.canasportsgroup.com\/wp-content\/uploads\/2024\/09\/pago-reserva.png","width":619,"height":677},{"@type":"BreadcrumbList","@id":"https:\/\/www.canasportsgroup.com\/producto\/inscripcion-torneo-baseball-enero-reserva\/#breadcrumb","itemListElement":[{"@type":"ListItem","position":1,"name":"Portada","item":"https:\/\/www.canasportsgroup.com\/"},{"@type":"ListItem","position":2,"name":"Tienda","item":"https:\/\/www.canasportsgroup.com\/tienda\/"},{"@type":"ListItem","position":3,"name":"Inscripci\u00f3n Torneo Baseball Enero 2025 (Reserva)"}]},{"@type":"WebSite","@id":"https:\/\/www.canasportsgroup.com\/#website","url":"https:\/\/www.canasportsgroup.com\/","name":"Cana Sports Group","description":"Agentes","publisher":{"@id":"https:\/\/www.canasportsgroup.com\/#organization"},"alternateName":"Cana Sports","potentialAction":[{"@type":"SearchAction","target":{"@type":"EntryPoint","urlTemplate":"https:\/\/www.canasportsgroup.com\/?s={search_term_string}"},"query-input":{"@type":"PropertyValueSpecification","valueRequired":true,"valueName":"search_term_string"}}],"inLanguage":"en-US"},{"@type":"Organization","@id":"https:\/\/www.canasportsgroup.com\/#organization","name":"Cana Sports Group","alternateName":"Cana Sports","url":"https:\/\/www.canasportsgroup.com\/","logo":{"@type":"ImageObject","inLanguage":"en-US","@id":"https:\/\/www.canasportsgroup.com\/#\/schema\/logo\/image\/","url":"https:\/\/www.canasportsgroup.com\/wp-content\/uploads\/2022\/11\/CANA-SPORTS-GROUP-CORP.png","contentUrl":"https:\/\/www.canasportsgroup.com\/wp-content\/uploads\/2022\/11\/CANA-SPORTS-GROUP-CORP.png","width":530,"height":530,"caption":"Cana Sports Group"},"image":{"@id":"https:\/\/www.canasportsgroup.com\/#\/schema\/logo\/image\/"},"sameAs":["https:\/\/www.facebook.com\/people\/Cana-Sports-Group\/100089231637827\/","https:\/\/www.instagram.com\/cana_sports"]}]}},"_links":{"self":[{"href":"https:\/\/www.canasportsgroup.com\/en\/wp-json\/wp\/v2\/product\/6647","targetHints":{"allow":["GET"]}}],"collection":[{"href":"https:\/\/www.canasportsgroup.com\/en\/wp-json\/wp\/v2\/product"}],"about":[{"href":"https:\/\/www.canasportsgroup.com\/en\/wp-json\/wp\/v2\/types\/product"}],"wp:featuredmedia":[{"embeddable":true,"href":"https:\/\/www.canasportsgroup.com\/en\/wp-json\/wp\/v2\/media\/6655"}],"wp:attachment":[{"href":"https:\/\/www.canasportsgroup.com\/en\/wp-json\/wp\/v2\/media?parent=6647"}],"wp:term":[{"taxonomy":"product_brand","embeddable":true,"href":"https:\/\/www.canasportsgroup.com\/en\/wp-json\/wp\/v2\/product_brand?post=6647"},{"taxonomy":"product_cat","embeddable":true,"href":"https:\/\/www.canasportsgroup.com\/en\/wp-json\/wp\/v2\/product_cat?post=6647"},{"taxonomy":"product_tag","embeddable":true,"href":"https:\/\/www.canasportsgroup.com\/en\/wp-json\/wp\/v2\/product_tag?post=6647"}],"curies":[{"name":"wp","href":"https:\/\/api.w.org\/{rel}","templated":true}]}}